{"id":57,"date":"2024-03-25T02:47:55","date_gmt":"2024-03-25T02:47:55","guid":{"rendered":"https:\/\/demo2wpopal.b-cdn.net\/rebuilto\/?page_id=57"},"modified":"2025-02-04T13:17:44","modified_gmt":"2025-02-04T13:17:44","slug":"iletisim","status":"publish","type":"page","link":"https:\/\/innogy.com.tr\/en\/iletisim\/","title":{"rendered":"\u0130leti\u015fim"},"content":{"rendered":"<div data-elementor-type=\"wp-page\" data-elementor-id=\"57\" class=\"elementor elementor-57\" data-elementor-post-type=\"page\">\n\t\t\t\t<div class=\"elementor-element elementor-element-cd3894f e-flex e-con-boxed e-con e-parent\" data-id=\"cd3894f\" data-element_type=\"container\">\n\t\t\t\t\t<div class=\"e-con-inner\">\n\t\t\t\t<div class=\"elementor-element elementor-element-11546df elementor-widget elementor-widget-spacer\" data-id=\"11546df\" data-element_type=\"widget\" data-widget_type=\"spacer.default\">\n\t\t\t\t<div class=\"elementor-widget-container\">\n\t\t\t\t\t<div class=\"elementor-spacer\">\n\t\t\t<div class=\"elementor-spacer-inner\"><\/div>\n\t\t<\/div>\n\t\t\t\t<\/div>\n\t\t\t\t<\/div>\n\t\t\t\t\t<\/div>\n\t\t\t\t<\/div>\n\t\t<div class=\"elementor-element elementor-element-a0307b2 e-flex e-con-boxed e-con e-parent\" data-id=\"a0307b2\" data-element_type=\"container\" data-settings=\"{&quot;background_background&quot;:&quot;gradient&quot;}\">\n\t\t\t\t\t<div class=\"e-con-inner\">\n\t\t<div class=\"elementor-element elementor-element-89c1bf7 e-con-full e-flex e-con e-child\" data-id=\"89c1bf7\" data-element_type=\"container\">\n\t\t\t\t<div class=\"elementor-element elementor-element-fb48304 elementor-widget elementor-widget-heading\" data-id=\"fb48304\" data-element_type=\"widget\" data-widget_type=\"heading.default\">\n\t\t\t\t<div class=\"elementor-widget-container\">\n\t\t\t<h5 class=\"elementor-heading-title elementor-size-default\">Bize Ula\u015f\u0131n<\/h5>\t\t<\/div>\n\t\t\t\t<\/div>\n\t\t\t\t<div class=\"elementor-element elementor-element-4ce293c elementor-widget__width-initial elementor-widget elementor-widget-text-editor\" data-id=\"4ce293c\" data-element_type=\"widget\" data-widget_type=\"text-editor.default\">\n\t\t\t\t<div class=\"elementor-widget-container\">\n\t\t\t\t\t\t\t<div class=\"flex max-w-full flex-col flex-grow\"><div class=\"min-h-8 text-message flex w-full flex-col items-end gap-2 whitespace-normal break-words text-start [.text-message+&amp;]:mt-5\" dir=\"auto\" data-message-author-role=\"assistant\" data-message-id=\"4689365f-d000-4a3b-bb09-9795c9434ac6\" data-message-model-slug=\"o1\"><div class=\"flex w-full flex-col gap-1 empty:hidden first:pt-[3px]\"><div class=\"markdown prose w-full break-words dark:prose-invert dark\"><p>\u0130htiya\u00e7lar\u0131n\u0131z, sorular\u0131n\u0131z ya da projeleriniz hakk\u0131nda bilgi almak i\u00e7in bizimle hemen ileti\u015fime ge\u00e7in.\u00a0<\/p><\/div><\/div><\/div><\/div>\t\t\t\t\t\t<\/div>\n\t\t\t\t<\/div>\n\t\t\t\t<div class=\"elementor-element elementor-element-661593a elementor-widget__width-initial elementor-widget elementor-widget-rebuilto-contactform\" data-id=\"661593a\" data-element_type=\"widget\" data-widget_type=\"rebuilto-contactform.default\">\n\t\t\t\t<div class=\"elementor-widget-container\">\n\t\t\t\n<div class=\"wpcf7 no-js\" id=\"wpcf7-f15-o1\" lang=\"en-US\" dir=\"ltr\" data-wpcf7-id=\"15\">\n<div class=\"screen-reader-response\"><p role=\"status\" aria-live=\"polite\" aria-atomic=\"true\"><\/p> <ul><\/ul><\/div>\n<form action=\"\/wp-json\/wp\/v2\/pages\/57\" method=\"post\" class=\"wpcf7-form init\" aria-label=\"Contact form\" novalidate=\"novalidate\" data-status=\"init\" data-trp-original-action=\"\/en\/wp-json\/wp\/v2\/pages\/57#wpcf7-f15-o1\">\n<div style=\"display: none;\">\n<input type=\"hidden\" name=\"_wpcf7\" value=\"15\" \/>\n<input type=\"hidden\" name=\"_wpcf7_version\" value=\"6.0.1\" \/>\n<input type=\"hidden\" name=\"_wpcf7_locale\" value=\"en_US\" \/>\n<input type=\"hidden\" name=\"_wpcf7_unit_tag\" value=\"wpcf7-f15-o1\" \/>\n<input type=\"hidden\" name=\"_wpcf7_container_post\" value=\"0\" \/>\n<input type=\"hidden\" name=\"_wpcf7_posted_data_hash\" value=\"\" \/>\n<input type=\"hidden\" name=\"_wpcf7_recaptcha_response\" value=\"\" \/>\n<\/div>\n<div class=\"ct-form\">\n\t<div class=\"row\">\n\t\t<div class=\"column-name\">\n\t\t\t<p><span class=\"wpcf7-form-control-wrap\" data-name=\"your-name\"><input size=\"40\" maxlength=\"400\" class=\"wpcf7-form-control wpcf7-text wpcf7-validates-as-required\" autocomplete=\"name\" aria-required=\"true\" aria-invalid=\"false\" placeholder=\"Ad\u0131n\u0131z Soyad\u0131n\u0131z*\" value=\"\" type=\"text\" name=\"your-name\" \/><\/span>\n\t\t\t<\/p>\n\t\t<\/div>\n\t\t<div class=\"column-number\">\n\t\t\t<p><span class=\"wpcf7-form-control-wrap\" data-name=\"your-number\"><input size=\"40\" maxlength=\"400\" class=\"wpcf7-form-control wpcf7-tel wpcf7-validates-as-required wpcf7-text wpcf7-validates-as-tel\" autocomplete=\"email\" aria-required=\"true\" aria-invalid=\"false\" placeholder=\"Telefon Numaran\u0131z *\" value=\"\" type=\"tel\" name=\"your-number\" \/><\/span>\n\t\t\t<\/p>\n\t\t<\/div>\n\t<\/div>\n\t<div class=\"row\">\n\t\t<div class=\"column-email\">\n\t\t\t<p><span class=\"wpcf7-form-control-wrap\" data-name=\"your-email\"><input size=\"40\" maxlength=\"400\" class=\"wpcf7-form-control wpcf7-email wpcf7-validates-as-required wpcf7-text wpcf7-validates-as-email\" aria-required=\"true\" aria-invalid=\"false\" placeholder=\"Mail Adresiniz*\" value=\"\" type=\"email\" name=\"your-email\" \/><\/span>\n\t\t\t<\/p>\n\t\t<\/div>\n\t<\/div>\n\t<div class=\"row\">\n\t\t<div class=\"column-message\">\n\t\t\t<p><span class=\"wpcf7-form-control-wrap\" data-name=\"your-message\"><textarea cols=\"40\" rows=\"3\" maxlength=\"2000\" class=\"wpcf7-form-control wpcf7-textarea\" aria-invalid=\"false\" placeholder=\"Mesaj\u0131n\u0131z\" name=\"your-message\"><\/textarea><\/span>\n\t\t\t<\/p>\n\t\t<\/div>\n\t<\/div>\n\t<div class=\"row\">\n\t\t<div class=\"ticari-onay-kapsayici\">\n\t\t\t<div class=\"ana-onay\">\n\t\t\t\t<p><span class=\"wpcf7-form-control-wrap\" data-name=\"aydinlatma-metni-onayi\"><span class=\"wpcf7-form-control wpcf7-acceptance\"><span class=\"wpcf7-list-item\"><label><input type=\"checkbox\" name=\"aydinlatma-metni-onayi\" value=\"1\" aria-invalid=\"false\" \/><span class=\"wpcf7-list-item-label\"><a href=\"https:\/\/innogy.com.tr\/wp-content\/uploads\/2026\/01\/inno-web-sitesi-iletisim-formu-aydinlatma-metni.pdf\" target=\"_blank\">Bilgilendirme ve Ayd\u0131nlatma Metni'ni<\/a> kabul ediyorum.<\/span><\/label><\/span><\/span><\/span>\n\t\t\t\t<\/p>\n\t\t\t\t<p><span class=\"wpcf7-form-control-wrap\" data-name=\"ticari-ileti-onayi\"><span class=\"wpcf7-form-control wpcf7-acceptance optional\"><span class=\"wpcf7-list-item\"><label><input type=\"checkbox\" name=\"ticari-ileti-onayi\" value=\"1\" aria-invalid=\"false\" \/><span class=\"wpcf7-list-item-label\">Kampanya ve iletilerden haberdar olmak i\u00e7in taraf\u0131ma elektronik ticari ileti g\u00f6nderilmesine <a href=\"https:\/\/innogy.com.tr\/wp-content\/uploads\/2026\/01\/inno-ticari-elektronik-ileti-bilgilendirme.pdf\" target=\"_blank\"><strong>Ticari Elektronik \u0130leti Bilgilendirme ve A\u00e7\u0131k R\u0131za Metni<\/strong><\/a> kapsam\u0131nda onay veriyorum.<\/span><\/label><\/span><\/span><\/span>\n\t\t\t\t<\/p>\n\t\t\t<\/div>\n\t\t\t<div class=\"alt-secenekler\">\n\t\t\t\t<p><span class=\"wpcf7-form-control-wrap\" data-name=\"iletisim-tercihleri\"><span class=\"wpcf7-form-control wpcf7-checkbox\"><span class=\"wpcf7-list-item first\"><label><input type=\"checkbox\" name=\"iletisim-tercihleri[]\" value=\"Hepsi\" \/><span class=\"wpcf7-list-item-label\">Hepsi<\/span><\/label><\/span><span class=\"wpcf7-list-item\"><label><input type=\"checkbox\" name=\"iletisim-tercihleri[]\" value=\"Whatsapp\/SMS\" \/><span class=\"wpcf7-list-item-label\">Whatsapp\/SMS<\/span><\/label><\/span><span class=\"wpcf7-list-item last\"><label><input type=\"checkbox\" name=\"iletisim-tercihleri[]\" value=\"Telefon Aramas\u0131\" \/><span class=\"wpcf7-list-item-label\">Telefon Aramas\u0131<\/span><\/label><\/span><\/span><\/span>\n\t\t\t\t<\/p>\n\t\t\t<\/div>\n\t\t<\/div>\n\t<\/div>\n\t<div class=\"row\">\n\t<\/div>\n\t<div class=\"ct-button elementor-button-type-outline elementor-widget-rebuilto-button\">\n\t\t<p><button class=\"elementor-button\" type=\"submit\"><span class=\"elementor-button-text\" data-name=\"G\u00f6nder\"><span>G\u00f6nder<\/span><\/span><span class=\"elementor-button-icon elementor-align-icon-right\"><i aria-hidden=\"true\" class=\"rebuilto-icon- rebuilto-icon-arrow-up-right\"><\/i><\/span><\/button>\n\t\t<\/p>\n\t<\/div>\n<\/div><input type='hidden' class='wpcf7-pum' value='{\"closepopup\":false,\"closedelay\":0,\"openpopup\":false,\"openpopup_id\":7401}' \/><div class=\"wpcf7-response-output\" aria-hidden=\"true\"><\/div>\n<input type=\"hidden\" name=\"trp-form-language\" value=\"en\"\/><\/form>\n<\/div>\n\t\t<\/div>\n\t\t\t\t<\/div>\n\t\t\t\t<\/div>\n\t\t<div class=\"elementor-element elementor-element-fd1bc5a e-con-full e-flex e-con e-child\" data-id=\"fd1bc5a\" data-element_type=\"container\">\n\t\t\t\t<div class=\"elementor-element elementor-element-0845100 elementor-widget elementor-widget-heading\" data-id=\"0845100\" data-element_type=\"widget\" data-widget_type=\"heading.default\">\n\t\t\t\t<div class=\"elementor-widget-container\">\n\t\t\t<h5 class=\"elementor-heading-title elementor-size-default\">Konum<\/h5>\t\t<\/div>\n\t\t\t\t<\/div>\n\t\t\t\t<div class=\"elementor-element elementor-element-18ad9fe elementor-widget elementor-widget-text-editor\" data-id=\"18ad9fe\" data-element_type=\"widget\" data-widget_type=\"text-editor.default\">\n\t\t\t\t<div class=\"elementor-widget-container\">\n\t\t\t\t\t\t\t<p>Inno Gayrimenkul Yat\u0131r\u0131m A.\u015e. Ziya G\u00f6kalp Mah. <br \/>Mall Of \u0130stanbul<br \/><br \/><br \/>The Office Blok 9. Kat No: 73-74 <br \/>Ba\u015fak\u015fehir &#8211; \u0130stanbul \/ T\u00fcrkiye<\/p><p>\u0130kitelli OSB Mah. \u00a0No: 110 Daire: 1 Ba\u015fak\u015fehir \/ \u0130stanbul<\/p>\t\t\t\t\t\t<\/div>\n\t\t\t\t<\/div>\n\t\t\t\t<div class=\"elementor-element elementor-element-67ccb92 elementor-widget elementor-widget-image\" data-id=\"67ccb92\" data-element_type=\"widget\" data-widget_type=\"image.default\">\n\t\t\t\t<div class=\"elementor-widget-container\">\n\t\t\t\t\t\t\t\t\t\t\t\t\t<img fetchpriority=\"high\" decoding=\"async\" width=\"370\" height=\"220\" src=\"https:\/\/innogy.com.tr\/wp-content\/uploads\/2024\/03\/popup-button.jpg\" class=\"attachment-full size-full wp-image-1762\" alt=\"\" srcset=\"https:\/\/innogy.com.tr\/wp-content\/uploads\/2024\/03\/popup-button.jpg 370w, https:\/\/innogy.com.tr\/wp-content\/uploads\/2024\/03\/popup-button-300x178.jpg 300w\" sizes=\"(max-width: 370px) 100vw, 370px\" \/>\t\t\t\t\t\t\t\t\t\t\t\t\t<\/div>\n\t\t\t\t<\/div>\n\t\t\t\t<div class=\"elementor-element elementor-element-8f71bd5 elementor-hidden-desktop elementor-hidden-tablet elementor-hidden-mobile elementor-widget elementor-widget-text-editor\" data-id=\"8f71bd5\" data-element_type=\"widget\" data-widget_type=\"text-editor.default\">\n\t\t\t\t<div class=\"elementor-widget-container\">\n\t\t\t\t\t\t\t<p>2972 Westheimer Rd., Illinois 85486<\/p>\t\t\t\t\t\t<\/div>\n\t\t\t\t<\/div>\n\t\t\t\t<div class=\"elementor-element elementor-element-8080474 elementor-widget elementor-widget-heading\" data-id=\"8080474\" data-element_type=\"widget\" data-widget_type=\"heading.default\">\n\t\t\t\t<div class=\"elementor-widget-container\">\n\t\t\t<p class=\"elementor-heading-title elementor-size-default\">444 74 13<\/p>\t\t<\/div>\n\t\t\t\t<\/div>\n\t\t\t\t<div class=\"elementor-element elementor-element-ae6f8f3 elementor-widget elementor-widget-text-editor\" data-id=\"ae6f8f3\" data-element_type=\"widget\" data-widget_type=\"text-editor.default\">\n\t\t\t\t<div class=\"elementor-widget-container\">\n\t\t\t\t\t\t\t<p>inno@innogy.com.tr<\/p>\t\t\t\t\t\t<\/div>\n\t\t\t\t<\/div>\n\t\t\t\t<\/div>\n\t\t\t\t\t<\/div>\n\t\t\t\t<\/div>\n\t\t<div class=\"elementor-element elementor-element-6377111 e-con-full e-flex e-con e-parent\" data-id=\"6377111\" data-element_type=\"container\">\n\t\t\t\t<div class=\"elementor-element elementor-element-0ee0fc8 elementor-widget elementor-widget-google_maps\" data-id=\"0ee0fc8\" data-element_type=\"widget\" data-widget_type=\"google_maps.default\">\n\t\t\t\t<div class=\"elementor-widget-container\">\n\t\t\t\t\t<div class=\"elementor-custom-embed\">\n\t\t\t<iframe loading=\"lazy\"\n\t\t\t\t\tsrc=\"https:\/\/maps.google.com\/maps?q=%C4%B0kitelli%20OSB%2C%20Atat%C3%BCrk%20Blv.%20No%3A114%20%C4%B0%C3%A7kap%C4%B1%20no%3A141%2C%2034490%20Ba%C5%9Fak%C5%9Fehir%2F%C4%B0stanbul&#038;t=m&#038;z=12&#038;output=embed&#038;iwloc=near\"\n\t\t\t\t\ttitle=\"\u0130kitelli OSB, Atat\u00fcrk Blv. No:114 \u0130\u00e7kap\u0131 no:141, 34490 Ba\u015fak\u015fehir\/\u0130stanbul\"\n\t\t\t\t\taria-label=\"\u0130kitelli OSB, Atat\u00fcrk Blv. No:114 \u0130\u00e7kap\u0131 no:141, 34490 Ba\u015fak\u015fehir\/\u0130stanbul\"\n\t\t\t><\/iframe>\n\t\t<\/div>\n\t\t\t\t<\/div>\n\t\t\t\t<\/div>\n\t\t\t\t<\/div>\n\t\t\t\t<\/div>","protected":false},"excerpt":{"rendered":"<p>Bize Ula\u015f\u0131n \u0130htiya\u00e7lar\u0131n\u0131z, sorular\u0131n\u0131z ya da projeleriniz hakk\u0131nda bilgi almak i\u00e7in bizimle hemen ileti\u015fime ge\u00e7in.\u00a0 G\u00f6nder Konum Inno Gayrimenkul Yat\u0131r\u0131m A.\u015e. Ziya G\u00f6kalp Mah. Mall Of \u0130stanbul The Office Blok 9. Kat No: 73-74 Ba\u015fak\u015fehir &#8211; \u0130stanbul \/ T\u00fcrkiye \u0130kitelli OSB Mah. \u00a0No: 110 Daire: 1 Ba\u015fak\u015fehir \/ \u0130stanbul 2972 Westheimer Rd., Illinois 85486 444 [&hellip;]<\/p>","protected":false},"author":1,"featured_media":6841,"parent":0,"menu_order":0,"comment_status":"closed","ping_status":"closed","template":"template-homepage.php","meta":{"footnotes":""},"class_list":["post-57","page","type-page","status-publish","has-post-thumbnail","hentry"],"yoast_head":"<!-- This site is optimized with the Yoast SEO plugin v25.6 - https:\/\/yoast.com\/wordpress\/plugins\/seo\/ -->\n<title>\u0130leti\u015fim - Innogy<\/title>\n<meta name=\"robots\" content=\"index, follow, max-snippet:-1, max-image-preview:large, max-video-preview:-1\" \/>\n<link rel=\"canonical\" href=\"https:\/\/innogy.com.tr\/en\/iletisim\/\" \/>\n<meta property=\"og:locale\" content=\"en_US\" \/>\n<meta property=\"og:type\" content=\"article\" \/>\n<meta property=\"og:title\" content=\"\u0130leti\u015fim - Innogy\" \/>\n<meta property=\"og:description\" content=\"Bize Ula\u015f\u0131n \u0130htiya\u00e7lar\u0131n\u0131z, sorular\u0131n\u0131z ya da projeleriniz hakk\u0131nda bilgi almak i\u00e7in bizimle hemen ileti\u015fime ge\u00e7in.\u00a0 G\u00f6nder Konum Inno Gayrimenkul Yat\u0131r\u0131m A.\u015e. Ziya G\u00f6kalp Mah. Mall Of \u0130stanbul The Office Blok 9. Kat No: 73-74 Ba\u015fak\u015fehir &#8211; \u0130stanbul \/ T\u00fcrkiye \u0130kitelli OSB Mah. \u00a0No: 110 Daire: 1 Ba\u015fak\u015fehir \/ \u0130stanbul 2972 Westheimer Rd., Illinois 85486 444 [&hellip;]\" \/>\n<meta property=\"og:url\" content=\"https:\/\/innogy.com.tr\/en\/iletisim\/\" \/>\n<meta property=\"og:site_name\" content=\"Innogy\" \/>\n<meta property=\"article:modified_time\" content=\"2025-02-04T13:17:44+00:00\" \/>\n<meta property=\"og:image\" content=\"https:\/\/innogy.com.tr\/wp-content\/uploads\/2025\/02\/inno-header.jpg\" \/>\n\t<meta property=\"og:image:width\" content=\"1903\" \/>\n\t<meta property=\"og:image:height\" content=\"520\" \/>\n\t<meta property=\"og:image:type\" content=\"image\/jpeg\" \/>\n<meta name=\"twitter:card\" content=\"summary_large_image\" \/>\n<script type=\"application\/ld+json\" class=\"yoast-schema-graph\">{\"@context\":\"https:\/\/schema.org\",\"@graph\":[{\"@type\":\"WebPage\",\"@id\":\"https:\/\/innogy.com.tr\/iletisim\/\",\"url\":\"https:\/\/innogy.com.tr\/iletisim\/\",\"name\":\"\u0130leti\u015fim - Innogy\",\"isPartOf\":{\"@id\":\"https:\/\/innogy.com.tr\/#website\"},\"primaryImageOfPage\":{\"@id\":\"https:\/\/innogy.com.tr\/iletisim\/#primaryimage\"},\"image\":{\"@id\":\"https:\/\/innogy.com.tr\/iletisim\/#primaryimage\"},\"thumbnailUrl\":\"https:\/\/innogy.com.tr\/wp-content\/uploads\/2025\/02\/inno-header.jpg\",\"datePublished\":\"2024-03-25T02:47:55+00:00\",\"dateModified\":\"2025-02-04T13:17:44+00:00\",\"breadcrumb\":{\"@id\":\"https:\/\/innogy.com.tr\/iletisim\/#breadcrumb\"},\"inLanguage\":\"en-US\",\"potentialAction\":[{\"@type\":\"ReadAction\",\"target\":[\"https:\/\/innogy.com.tr\/iletisim\/\"]}]},{\"@type\":\"ImageObject\",\"inLanguage\":\"en-US\",\"@id\":\"https:\/\/innogy.com.tr\/iletisim\/#primaryimage\",\"url\":\"https:\/\/innogy.com.tr\/wp-content\/uploads\/2025\/02\/inno-header.jpg\",\"contentUrl\":\"https:\/\/innogy.com.tr\/wp-content\/uploads\/2025\/02\/inno-header.jpg\",\"width\":1903,\"height\":520},{\"@type\":\"BreadcrumbList\",\"@id\":\"https:\/\/innogy.com.tr\/iletisim\/#breadcrumb\",\"itemListElement\":[{\"@type\":\"ListItem\",\"position\":1,\"name\":\"Anasayfa\",\"item\":\"https:\/\/innogy.com.tr\/\"},{\"@type\":\"ListItem\",\"position\":2,\"name\":\"\u0130leti\u015fim\"}]},{\"@type\":\"WebSite\",\"@id\":\"https:\/\/innogy.com.tr\/#website\",\"url\":\"https:\/\/innogy.com.tr\/\",\"name\":\"Innogy\",\"description\":\"Gayrimenkul Yat\u0131r\u0131m A.\u015e.\",\"publisher\":{\"@id\":\"https:\/\/innogy.com.tr\/#organization\"},\"potentialAction\":[{\"@type\":\"SearchAction\",\"target\":{\"@type\":\"EntryPoint\",\"urlTemplate\":\"https:\/\/innogy.com.tr\/?s={search_term_string}\"},\"query-input\":{\"@type\":\"PropertyValueSpecification\",\"valueRequired\":true,\"valueName\":\"search_term_string\"}}],\"inLanguage\":\"en-US\"},{\"@type\":\"Organization\",\"@id\":\"https:\/\/innogy.com.tr\/#organization\",\"name\":\"Innogy\",\"url\":\"https:\/\/innogy.com.tr\/\",\"logo\":{\"@type\":\"ImageObject\",\"inLanguage\":\"en-US\",\"@id\":\"https:\/\/innogy.com.tr\/#\/schema\/logo\/image\/\",\"url\":\"https:\/\/innogy.com.tr\/wp-content\/uploads\/2024\/03\/cropped-inno_logo_yuksek_kalite-1.png\",\"contentUrl\":\"https:\/\/innogy.com.tr\/wp-content\/uploads\/2024\/03\/cropped-inno_logo_yuksek_kalite-1.png\",\"width\":480,\"height\":320,\"caption\":\"Innogy\"},\"image\":{\"@id\":\"https:\/\/innogy.com.tr\/#\/schema\/logo\/image\/\"}}]}<\/script>\n<!-- \/ Yoast SEO plugin. -->","yoast_head_json":{"title":"\u0130leti\u015fim - Innogy","robots":{"index":"index","follow":"follow","max-snippet":"max-snippet:-1","max-image-preview":"max-image-preview:large","max-video-preview":"max-video-preview:-1"},"canonical":"https:\/\/innogy.com.tr\/en\/iletisim\/","og_locale":"en_US","og_type":"article","og_title":"\u0130leti\u015fim - Innogy","og_description":"Bize Ula\u015f\u0131n \u0130htiya\u00e7lar\u0131n\u0131z, sorular\u0131n\u0131z ya da projeleriniz hakk\u0131nda bilgi almak i\u00e7in bizimle hemen ileti\u015fime ge\u00e7in.\u00a0 G\u00f6nder Konum Inno Gayrimenkul Yat\u0131r\u0131m A.\u015e. Ziya G\u00f6kalp Mah. Mall Of \u0130stanbul The Office Blok 9. Kat No: 73-74 Ba\u015fak\u015fehir &#8211; \u0130stanbul \/ T\u00fcrkiye \u0130kitelli OSB Mah. \u00a0No: 110 Daire: 1 Ba\u015fak\u015fehir \/ \u0130stanbul 2972 Westheimer Rd., Illinois 85486 444 [&hellip;]","og_url":"https:\/\/innogy.com.tr\/en\/iletisim\/","og_site_name":"Innogy","article_modified_time":"2025-02-04T13:17:44+00:00","og_image":[{"width":1903,"height":520,"url":"https:\/\/innogy.com.tr\/wp-content\/uploads\/2025\/02\/inno-header.jpg","type":"image\/jpeg"}],"twitter_card":"summary_large_image","schema":{"@context":"https:\/\/schema.org","@graph":[{"@type":"WebPage","@id":"https:\/\/innogy.com.tr\/iletisim\/","url":"https:\/\/innogy.com.tr\/iletisim\/","name":"\u0130leti\u015fim - Innogy","isPartOf":{"@id":"https:\/\/innogy.com.tr\/#website"},"primaryImageOfPage":{"@id":"https:\/\/innogy.com.tr\/iletisim\/#primaryimage"},"image":{"@id":"https:\/\/innogy.com.tr\/iletisim\/#primaryimage"},"thumbnailUrl":"https:\/\/innogy.com.tr\/wp-content\/uploads\/2025\/02\/inno-header.jpg","datePublished":"2024-03-25T02:47:55+00:00","dateModified":"2025-02-04T13:17:44+00:00","breadcrumb":{"@id":"https:\/\/innogy.com.tr\/iletisim\/#breadcrumb"},"inLanguage":"en-US","potentialAction":[{"@type":"ReadAction","target":["https:\/\/innogy.com.tr\/iletisim\/"]}]},{"@type":"ImageObject","inLanguage":"en-US","@id":"https:\/\/innogy.com.tr\/iletisim\/#primaryimage","url":"https:\/\/innogy.com.tr\/wp-content\/uploads\/2025\/02\/inno-header.jpg","contentUrl":"https:\/\/innogy.com.tr\/wp-content\/uploads\/2025\/02\/inno-header.jpg","width":1903,"height":520},{"@type":"BreadcrumbList","@id":"https:\/\/innogy.com.tr\/iletisim\/#breadcrumb","itemListElement":[{"@type":"ListItem","position":1,"name":"Anasayfa","item":"https:\/\/innogy.com.tr\/"},{"@type":"ListItem","position":2,"name":"\u0130leti\u015fim"}]},{"@type":"WebSite","@id":"https:\/\/innogy.com.tr\/#website","url":"https:\/\/innogy.com.tr\/","name":"Innogy","description":"Gayrimenkul Yat\u0131r\u0131m A.\u015e.","publisher":{"@id":"https:\/\/innogy.com.tr\/#organization"},"potentialAction":[{"@type":"SearchAction","target":{"@type":"EntryPoint","urlTemplate":"https:\/\/innogy.com.tr\/?s={search_term_string}"},"query-input":{"@type":"PropertyValueSpecification","valueRequired":true,"valueName":"search_term_string"}}],"inLanguage":"en-US"},{"@type":"Organization","@id":"https:\/\/innogy.com.tr\/#organization","name":"Innogy","url":"https:\/\/innogy.com.tr\/","logo":{"@type":"ImageObject","inLanguage":"en-US","@id":"https:\/\/innogy.com.tr\/#\/schema\/logo\/image\/","url":"https:\/\/innogy.com.tr\/wp-content\/uploads\/2024\/03\/cropped-inno_logo_yuksek_kalite-1.png","contentUrl":"https:\/\/innogy.com.tr\/wp-content\/uploads\/2024\/03\/cropped-inno_logo_yuksek_kalite-1.png","width":480,"height":320,"caption":"Innogy"},"image":{"@id":"https:\/\/innogy.com.tr\/#\/schema\/logo\/image\/"}}]}},"_links":{"self":[{"href":"https:\/\/innogy.com.tr\/en\/wp-json\/wp\/v2\/pages\/57"}],"collection":[{"href":"https:\/\/innogy.com.tr\/en\/wp-json\/wp\/v2\/pages"}],"about":[{"href":"https:\/\/innogy.com.tr\/en\/wp-json\/wp\/v2\/types\/page"}],"author":[{"embeddable":true,"href":"https:\/\/innogy.com.tr\/en\/wp-json\/wp\/v2\/users\/1"}],"replies":[{"embeddable":true,"href":"https:\/\/innogy.com.tr\/en\/wp-json\/wp\/v2\/comments?post=57"}],"version-history":[{"count":37,"href":"https:\/\/innogy.com.tr\/en\/wp-json\/wp\/v2\/pages\/57\/revisions"}],"predecessor-version":[{"id":6865,"href":"https:\/\/innogy.com.tr\/en\/wp-json\/wp\/v2\/pages\/57\/revisions\/6865"}],"wp:featuredmedia":[{"embeddable":true,"href":"https:\/\/innogy.com.tr\/en\/wp-json\/wp\/v2\/media\/6841"}],"wp:attachment":[{"href":"https:\/\/innogy.com.tr\/en\/wp-json\/wp\/v2\/media?parent=57"}],"curies":[{"name":"wp","href":"https:\/\/api.w.org\/{rel}","templated":true}]}}