{"id":6239,"date":"2024-12-17T08:34:12","date_gmt":"2024-12-17T08:34:12","guid":{"rendered":"https:\/\/innogy.com.tr\/?page_id=6239"},"modified":"2024-12-18T13:34:27","modified_gmt":"2024-12-18T13:34:27","slug":"projeler","status":"publish","type":"page","link":"https:\/\/innogy.com.tr\/en\/projeler\/","title":{"rendered":"Projeler"},"content":{"rendered":"<div data-elementor-type=\"wp-page\" data-elementor-id=\"6239\" class=\"elementor elementor-6239\" data-elementor-post-type=\"page\">\n\t\t\t\t<div class=\"elementor-element elementor-element-bf8f0fc elementor-hidden-desktop elementor-hidden-tablet e-flex e-con-boxed e-con e-parent\" data-id=\"bf8f0fc\" data-element_type=\"container\">\n\t\t\t\t\t<div class=\"e-con-inner\">\n\t\t\t\t<div class=\"elementor-element elementor-element-afcb0d4 elementor-project-style-3 overflow-to-none elementor-widget elementor-widget-rebuilto-projects\" data-id=\"afcb0d4\" data-element_type=\"widget\" data-settings=\"{&quot;slides_to_show&quot;:3,&quot;spaceBetween&quot;:{&quot;unit&quot;:&quot;px&quot;,&quot;size&quot;:30,&quot;sizes&quot;:[]},&quot;spaceBetween_tablet&quot;:{&quot;unit&quot;:&quot;px&quot;,&quot;size&quot;:&quot;&quot;,&quot;sizes&quot;:[]},&quot;spaceBetween_mobile&quot;:{&quot;unit&quot;:&quot;px&quot;,&quot;size&quot;:&quot;&quot;,&quot;sizes&quot;:[]},&quot;swiper_overflow&quot;:&quot;none&quot;,&quot;navigation&quot;:&quot;none&quot;,&quot;enable_scrollbar&quot;:&quot;no&quot;,&quot;autoplay&quot;:&quot;yes&quot;,&quot;pause_on_hover&quot;:&quot;yes&quot;,&quot;pause_on_interaction&quot;:&quot;yes&quot;,&quot;autoplay_speed&quot;:5000,&quot;infinite&quot;:&quot;yes&quot;,&quot;speed&quot;:500}\" data-widget_type=\"rebuilto-projects.default\">\n\t\t\t\t<div class=\"elementor-widget-container\">\n\t\t\t        <div class=\"elementor-project-wrapper\">\n            <div class=\"d-grid\">\n                                    <div class=\"grid-item\">\n                        <div class=\"project-item project-style-3\">\n    <div class=\"project-inner\">\n        <div class=\"project-post-thumbnail\">\n                            <img fetchpriority=\"high\" decoding=\"async\" width=\"768\" height=\"210\" src=\"https:\/\/innogy.com.tr\/wp-content\/uploads\/2025\/02\/inno-header-768x210.jpg\" class=\"attachment-medium_large size-medium_large wp-post-image\" alt=\"\" srcset=\"https:\/\/innogy.com.tr\/wp-content\/uploads\/2025\/02\/inno-header-768x210.jpg 768w, https:\/\/innogy.com.tr\/wp-content\/uploads\/2025\/02\/inno-header-300x82.jpg 300w, https:\/\/innogy.com.tr\/wp-content\/uploads\/2025\/02\/inno-header-1024x280.jpg 1024w, https:\/\/innogy.com.tr\/wp-content\/uploads\/2025\/02\/inno-header-1536x420.jpg 1536w, https:\/\/innogy.com.tr\/wp-content\/uploads\/2025\/02\/inno-header-18x5.jpg 18w, https:\/\/innogy.com.tr\/wp-content\/uploads\/2025\/02\/inno-header.jpg 1903w\" sizes=\"(max-width: 768px) 100vw, 768px\" \/>                        <a class=\"overlay-link\" href=\"https:\/\/innogy.com.tr\/en\/projects\/model-kuyum-merkezi\/\"><\/a>\n        <\/div>\n        <div class=\"project-content\">\n            <h4 class=\"project-title omega\"><a href=\"https:\/\/innogy.com.tr\/en\/projects\/model-kuyum-merkezi\/\">MODEL KUYUM MERKEZ\u0130<\/a><\/h4>\n            <div class=\"project-categories\"><a href=\"https:\/\/innogy.com.tr\/en\/category-project\/proje\/\" rel=\"tag\">Proje<\/a><\/div>        <\/div>\n    <\/div>\n<\/div>\n                    <\/div>\n                                        <div class=\"grid-item\">\n                        <div class=\"project-item project-style-3\">\n    <div class=\"project-inner\">\n        <div class=\"project-post-thumbnail\">\n                            <img decoding=\"async\" width=\"768\" height=\"576\" src=\"https:\/\/innogy.com.tr\/wp-content\/uploads\/2024\/12\/DJI_0542-D-002-1-768x576.jpg\" class=\"attachment-medium_large size-medium_large wp-post-image\" alt=\"\" srcset=\"https:\/\/innogy.com.tr\/wp-content\/uploads\/2024\/12\/DJI_0542-D-002-1-768x576.jpg 768w, https:\/\/innogy.com.tr\/wp-content\/uploads\/2024\/12\/DJI_0542-D-002-1-300x225.jpg 300w, https:\/\/innogy.com.tr\/wp-content\/uploads\/2024\/12\/DJI_0542-D-002-1-1024x768.jpg 1024w, https:\/\/innogy.com.tr\/wp-content\/uploads\/2024\/12\/DJI_0542-D-002-1-1536x1152.jpg 1536w, https:\/\/innogy.com.tr\/wp-content\/uploads\/2024\/12\/DJI_0542-D-002-1-2048x1536.jpg 2048w, https:\/\/innogy.com.tr\/wp-content\/uploads\/2024\/12\/DJI_0542-D-002-1-16x12.jpg 16w\" sizes=\"(max-width: 768px) 100vw, 768px\" \/>                        <a class=\"overlay-link\" href=\"https:\/\/innogy.com.tr\/en\/projects\/model-sanayi-merkezi\/\"><\/a>\n        <\/div>\n        <div class=\"project-content\">\n            <h4 class=\"project-title omega\"><a href=\"https:\/\/innogy.com.tr\/en\/projects\/model-sanayi-merkezi\/\">MODEL SANAY\u0130 MERKEZ\u0130<\/a><\/h4>\n            <div class=\"project-categories\"><a href=\"https:\/\/innogy.com.tr\/en\/category-project\/proje\/\" rel=\"tag\">Proje<\/a><\/div>        <\/div>\n    <\/div>\n<\/div>\n                    <\/div>\n                                <\/div>\n\n        <\/div>\n                \t\t<\/div>\n\t\t\t\t<\/div>\n\t\t\t\t\t<\/div>\n\t\t\t\t<\/div>\n\t\t<div class=\"elementor-element elementor-element-667a80a elementor-hidden-mobile e-flex e-con-boxed e-con e-parent\" data-id=\"667a80a\" data-element_type=\"container\">\n\t\t\t\t\t<div class=\"e-con-inner\">\n\t\t\t\t<div class=\"elementor-element elementor-element-ab211e6 elementor-project-style-1 overflow-to-none elementor-widget elementor-widget-rebuilto-projects\" data-id=\"ab211e6\" data-element_type=\"widget\" data-settings=\"{&quot;slides_to_show&quot;:3,&quot;spaceBetween&quot;:{&quot;unit&quot;:&quot;px&quot;,&quot;size&quot;:30,&quot;sizes&quot;:[]},&quot;spaceBetween_tablet&quot;:{&quot;unit&quot;:&quot;px&quot;,&quot;size&quot;:&quot;&quot;,&quot;sizes&quot;:[]},&quot;spaceBetween_mobile&quot;:{&quot;unit&quot;:&quot;px&quot;,&quot;size&quot;:&quot;&quot;,&quot;sizes&quot;:[]},&quot;swiper_overflow&quot;:&quot;none&quot;,&quot;navigation&quot;:&quot;none&quot;,&quot;enable_scrollbar&quot;:&quot;no&quot;,&quot;autoplay&quot;:&quot;yes&quot;,&quot;pause_on_hover&quot;:&quot;yes&quot;,&quot;pause_on_interaction&quot;:&quot;yes&quot;,&quot;autoplay_speed&quot;:5000,&quot;infinite&quot;:&quot;yes&quot;,&quot;speed&quot;:500}\" data-widget_type=\"rebuilto-projects.default\">\n\t\t\t\t<div class=\"elementor-widget-container\">\n\t\t\t        <div class=\"elementor-project-wrapper\">\n            <div class=\"d-grid\">\n                                    <div class=\"grid-item\">\n                        <div class=\"project-item project-style-1\">\n    <div class=\"project-inner\">\n        <div class=\"project-post-thumbnail\">\n                            <img fetchpriority=\"high\" decoding=\"async\" width=\"768\" height=\"210\" src=\"https:\/\/innogy.com.tr\/wp-content\/uploads\/2025\/02\/inno-header-768x210.jpg\" class=\"attachment-medium_large size-medium_large wp-post-image\" alt=\"\" srcset=\"https:\/\/innogy.com.tr\/wp-content\/uploads\/2025\/02\/inno-header-768x210.jpg 768w, https:\/\/innogy.com.tr\/wp-content\/uploads\/2025\/02\/inno-header-300x82.jpg 300w, https:\/\/innogy.com.tr\/wp-content\/uploads\/2025\/02\/inno-header-1024x280.jpg 1024w, https:\/\/innogy.com.tr\/wp-content\/uploads\/2025\/02\/inno-header-1536x420.jpg 1536w, https:\/\/innogy.com.tr\/wp-content\/uploads\/2025\/02\/inno-header-18x5.jpg 18w, https:\/\/innogy.com.tr\/wp-content\/uploads\/2025\/02\/inno-header.jpg 1903w\" sizes=\"(max-width: 768px) 100vw, 768px\" \/>                        <a class=\"overlay-link\" href=\"https:\/\/innogy.com.tr\/en\/projects\/model-kuyum-merkezi\/\"><\/a>\n        <\/div>\n        <div class=\"project-content\">\n            <h4 class=\"project-title omega\"><a href=\"https:\/\/innogy.com.tr\/en\/projects\/model-kuyum-merkezi\/\">MODEL KUYUM MERKEZ\u0130<\/a><\/h4>\n            <div class=\"project-categories color-white\"><a href=\"https:\/\/innogy.com.tr\/en\/category-project\/proje\/\" rel=\"tag\">Proje<\/a><\/div>            <a class=\"project-more-link\" href=\"https:\/\/innogy.com.tr\/en\/projects\/model-kuyum-merkezi\/\"><i class=\"rebuilto-icon-arrow-up-right\"><\/i><\/a>\n        <\/div>\n    <\/div>\n<\/div>\n                    <\/div>\n                                        <div class=\"grid-item\">\n                        <div class=\"project-item project-style-1\">\n    <div class=\"project-inner\">\n        <div class=\"project-post-thumbnail\">\n                            <img decoding=\"async\" width=\"768\" height=\"576\" src=\"https:\/\/innogy.com.tr\/wp-content\/uploads\/2024\/12\/DJI_0542-D-002-1-768x576.jpg\" class=\"attachment-medium_large size-medium_large wp-post-image\" alt=\"\" srcset=\"https:\/\/innogy.com.tr\/wp-content\/uploads\/2024\/12\/DJI_0542-D-002-1-768x576.jpg 768w, https:\/\/innogy.com.tr\/wp-content\/uploads\/2024\/12\/DJI_0542-D-002-1-300x225.jpg 300w, https:\/\/innogy.com.tr\/wp-content\/uploads\/2024\/12\/DJI_0542-D-002-1-1024x768.jpg 1024w, https:\/\/innogy.com.tr\/wp-content\/uploads\/2024\/12\/DJI_0542-D-002-1-1536x1152.jpg 1536w, https:\/\/innogy.com.tr\/wp-content\/uploads\/2024\/12\/DJI_0542-D-002-1-2048x1536.jpg 2048w, https:\/\/innogy.com.tr\/wp-content\/uploads\/2024\/12\/DJI_0542-D-002-1-16x12.jpg 16w\" sizes=\"(max-width: 768px) 100vw, 768px\" \/>                        <a class=\"overlay-link\" href=\"https:\/\/innogy.com.tr\/en\/projects\/model-sanayi-merkezi\/\"><\/a>\n        <\/div>\n        <div class=\"project-content\">\n            <h4 class=\"project-title omega\"><a href=\"https:\/\/innogy.com.tr\/en\/projects\/model-sanayi-merkezi\/\">MODEL SANAY\u0130 MERKEZ\u0130<\/a><\/h4>\n            <div class=\"project-categories color-white\"><a href=\"https:\/\/innogy.com.tr\/en\/category-project\/proje\/\" rel=\"tag\">Proje<\/a><\/div>            <a class=\"project-more-link\" href=\"https:\/\/innogy.com.tr\/en\/projects\/model-sanayi-merkezi\/\"><i class=\"rebuilto-icon-arrow-up-right\"><\/i><\/a>\n        <\/div>\n    <\/div>\n<\/div>\n                    <\/div>\n                                <\/div>\n\n        <\/div>\n                \t\t<\/div>\n\t\t\t\t<\/div>\n\t\t\t\t\t<\/div>\n\t\t\t\t<\/div>\n\t\t\t\t<\/div>","protected":false},"excerpt":{"rendered":"<p>MODEL KUYUM MERKEZ\u0130 Proje MODEL SANAY\u0130 MERKEZ\u0130 Proje MODEL KUYUM MERKEZ\u0130 Proje MODEL SANAY\u0130 MERKEZ\u0130 Proje<\/p>","protected":false},"author":1,"featured_media":0,"parent":0,"menu_order":0,"comment_status":"closed","ping_status":"closed","template":"","meta":{"footnotes":""},"class_list":["post-6239","page","type-page","status-publish","hentry"],"yoast_head":"<!-- This site is optimized with the Yoast SEO plugin v25.6 - https:\/\/yoast.com\/wordpress\/plugins\/seo\/ -->\n<title>Projeler - Innogy<\/title>\n<meta name=\"robots\" content=\"index, follow, max-snippet:-1, max-image-preview:large, max-video-preview:-1\" \/>\n<link rel=\"canonical\" href=\"https:\/\/innogy.com.tr\/en\/projeler\/\" \/>\n<meta property=\"og:locale\" content=\"en_US\" \/>\n<meta property=\"og:type\" content=\"article\" \/>\n<meta property=\"og:title\" content=\"Projeler - Innogy\" \/>\n<meta property=\"og:description\" content=\"MODEL KUYUM MERKEZ\u0130 Proje MODEL SANAY\u0130 MERKEZ\u0130 Proje MODEL KUYUM MERKEZ\u0130 Proje MODEL SANAY\u0130 MERKEZ\u0130 Proje\" \/>\n<meta property=\"og:url\" content=\"https:\/\/innogy.com.tr\/en\/projeler\/\" \/>\n<meta property=\"og:site_name\" content=\"Innogy\" \/>\n<meta property=\"article:modified_time\" content=\"2024-12-18T13:34:27+00:00\" \/>\n<meta property=\"og:image\" content=\"https:\/\/innogy.com.tr\/wp-content\/uploads\/2024\/03\/model-kuyum-merkezi-1-768x512.webp\" \/>\n<meta name=\"twitter:card\" content=\"summary_large_image\" \/>\n<script type=\"application\/ld+json\" class=\"yoast-schema-graph\">{\"@context\":\"https:\/\/schema.org\",\"@graph\":[{\"@type\":\"WebPage\",\"@id\":\"https:\/\/innogy.com.tr\/projeler\/\",\"url\":\"https:\/\/innogy.com.tr\/projeler\/\",\"name\":\"Projeler - Innogy\",\"isPartOf\":{\"@id\":\"https:\/\/innogy.com.tr\/#website\"},\"primaryImageOfPage\":{\"@id\":\"https:\/\/innogy.com.tr\/projeler\/#primaryimage\"},\"image\":{\"@id\":\"https:\/\/innogy.com.tr\/projeler\/#primaryimage\"},\"thumbnailUrl\":\"https:\/\/innogy.com.tr\/wp-content\/uploads\/2024\/03\/model-kuyum-merkezi-1-768x512.webp\",\"datePublished\":\"2024-12-17T08:34:12+00:00\",\"dateModified\":\"2024-12-18T13:34:27+00:00\",\"breadcrumb\":{\"@id\":\"https:\/\/innogy.com.tr\/projeler\/#breadcrumb\"},\"inLanguage\":\"en-US\",\"potentialAction\":[{\"@type\":\"ReadAction\",\"target\":[\"https:\/\/innogy.com.tr\/projeler\/\"]}]},{\"@type\":\"ImageObject\",\"inLanguage\":\"en-US\",\"@id\":\"https:\/\/innogy.com.tr\/projeler\/#primaryimage\",\"url\":\"https:\/\/innogy.com.tr\/wp-content\/uploads\/2024\/03\/model-kuyum-merkezi-1-768x512.webp\",\"contentUrl\":\"https:\/\/innogy.com.tr\/wp-content\/uploads\/2024\/03\/model-kuyum-merkezi-1-768x512.webp\"},{\"@type\":\"BreadcrumbList\",\"@id\":\"https:\/\/innogy.com.tr\/projeler\/#breadcrumb\",\"itemListElement\":[{\"@type\":\"ListItem\",\"position\":1,\"name\":\"Anasayfa\",\"item\":\"https:\/\/innogy.com.tr\/\"},{\"@type\":\"ListItem\",\"position\":2,\"name\":\"Projeler\"}]},{\"@type\":\"WebSite\",\"@id\":\"https:\/\/innogy.com.tr\/#website\",\"url\":\"https:\/\/innogy.com.tr\/\",\"name\":\"Innogy\",\"description\":\"Gayrimenkul Yat\u0131r\u0131m A.\u015e.\",\"publisher\":{\"@id\":\"https:\/\/innogy.com.tr\/#organization\"},\"potentialAction\":[{\"@type\":\"SearchAction\",\"target\":{\"@type\":\"EntryPoint\",\"urlTemplate\":\"https:\/\/innogy.com.tr\/?s={search_term_string}\"},\"query-input\":{\"@type\":\"PropertyValueSpecification\",\"valueRequired\":true,\"valueName\":\"search_term_string\"}}],\"inLanguage\":\"en-US\"},{\"@type\":\"Organization\",\"@id\":\"https:\/\/innogy.com.tr\/#organization\",\"name\":\"Innogy\",\"url\":\"https:\/\/innogy.com.tr\/\",\"logo\":{\"@type\":\"ImageObject\",\"inLanguage\":\"en-US\",\"@id\":\"https:\/\/innogy.com.tr\/#\/schema\/logo\/image\/\",\"url\":\"https:\/\/innogy.com.tr\/wp-content\/uploads\/2024\/03\/cropped-inno_logo_yuksek_kalite-1.png\",\"contentUrl\":\"https:\/\/innogy.com.tr\/wp-content\/uploads\/2024\/03\/cropped-inno_logo_yuksek_kalite-1.png\",\"width\":480,\"height\":320,\"caption\":\"Innogy\"},\"image\":{\"@id\":\"https:\/\/innogy.com.tr\/#\/schema\/logo\/image\/\"}}]}<\/script>\n<!-- \/ Yoast SEO plugin. -->","yoast_head_json":{"title":"Projeler - Innogy","robots":{"index":"index","follow":"follow","max-snippet":"max-snippet:-1","max-image-preview":"max-image-preview:large","max-video-preview":"max-video-preview:-1"},"canonical":"https:\/\/innogy.com.tr\/en\/projeler\/","og_locale":"en_US","og_type":"article","og_title":"Projeler - Innogy","og_description":"MODEL KUYUM MERKEZ\u0130 Proje MODEL SANAY\u0130 MERKEZ\u0130 Proje MODEL KUYUM MERKEZ\u0130 Proje MODEL SANAY\u0130 MERKEZ\u0130 Proje","og_url":"https:\/\/innogy.com.tr\/en\/projeler\/","og_site_name":"Innogy","article_modified_time":"2024-12-18T13:34:27+00:00","og_image":[{"url":"https:\/\/innogy.com.tr\/wp-content\/uploads\/2024\/03\/model-kuyum-merkezi-1-768x512.webp","type":"","width":"","height":""}],"twitter_card":"summary_large_image","schema":{"@context":"https:\/\/schema.org","@graph":[{"@type":"WebPage","@id":"https:\/\/innogy.com.tr\/projeler\/","url":"https:\/\/innogy.com.tr\/projeler\/","name":"Projeler - Innogy","isPartOf":{"@id":"https:\/\/innogy.com.tr\/#website"},"primaryImageOfPage":{"@id":"https:\/\/innogy.com.tr\/projeler\/#primaryimage"},"image":{"@id":"https:\/\/innogy.com.tr\/projeler\/#primaryimage"},"thumbnailUrl":"https:\/\/innogy.com.tr\/wp-content\/uploads\/2024\/03\/model-kuyum-merkezi-1-768x512.webp","datePublished":"2024-12-17T08:34:12+00:00","dateModified":"2024-12-18T13:34:27+00:00","breadcrumb":{"@id":"https:\/\/innogy.com.tr\/projeler\/#breadcrumb"},"inLanguage":"en-US","potentialAction":[{"@type":"ReadAction","target":["https:\/\/innogy.com.tr\/projeler\/"]}]},{"@type":"ImageObject","inLanguage":"en-US","@id":"https:\/\/innogy.com.tr\/projeler\/#primaryimage","url":"https:\/\/innogy.com.tr\/wp-content\/uploads\/2024\/03\/model-kuyum-merkezi-1-768x512.webp","contentUrl":"https:\/\/innogy.com.tr\/wp-content\/uploads\/2024\/03\/model-kuyum-merkezi-1-768x512.webp"},{"@type":"BreadcrumbList","@id":"https:\/\/innogy.com.tr\/projeler\/#breadcrumb","itemListElement":[{"@type":"ListItem","position":1,"name":"Anasayfa","item":"https:\/\/innogy.com.tr\/"},{"@type":"ListItem","position":2,"name":"Projeler"}]},{"@type":"WebSite","@id":"https:\/\/innogy.com.tr\/#website","url":"https:\/\/innogy.com.tr\/","name":"Innogy","description":"Gayrimenkul Yat\u0131r\u0131m A.\u015e.","publisher":{"@id":"https:\/\/innogy.com.tr\/#organization"},"potentialAction":[{"@type":"SearchAction","target":{"@type":"EntryPoint","urlTemplate":"https:\/\/innogy.com.tr\/?s={search_term_string}"},"query-input":{"@type":"PropertyValueSpecification","valueRequired":true,"valueName":"search_term_string"}}],"inLanguage":"en-US"},{"@type":"Organization","@id":"https:\/\/innogy.com.tr\/#organization","name":"Innogy","url":"https:\/\/innogy.com.tr\/","logo":{"@type":"ImageObject","inLanguage":"en-US","@id":"https:\/\/innogy.com.tr\/#\/schema\/logo\/image\/","url":"https:\/\/innogy.com.tr\/wp-content\/uploads\/2024\/03\/cropped-inno_logo_yuksek_kalite-1.png","contentUrl":"https:\/\/innogy.com.tr\/wp-content\/uploads\/2024\/03\/cropped-inno_logo_yuksek_kalite-1.png","width":480,"height":320,"caption":"Innogy"},"image":{"@id":"https:\/\/innogy.com.tr\/#\/schema\/logo\/image\/"}}]}},"_links":{"self":[{"href":"https:\/\/innogy.com.tr\/en\/wp-json\/wp\/v2\/pages\/6239"}],"collection":[{"href":"https:\/\/innogy.com.tr\/en\/wp-json\/wp\/v2\/pages"}],"about":[{"href":"https:\/\/innogy.com.tr\/en\/wp-json\/wp\/v2\/types\/page"}],"author":[{"embeddable":true,"href":"https:\/\/innogy.com.tr\/en\/wp-json\/wp\/v2\/users\/1"}],"replies":[{"embeddable":true,"href":"https:\/\/innogy.com.tr\/en\/wp-json\/wp\/v2\/comments?post=6239"}],"version-history":[{"count":10,"href":"https:\/\/innogy.com.tr\/en\/wp-json\/wp\/v2\/pages\/6239\/revisions"}],"predecessor-version":[{"id":6494,"href":"https:\/\/innogy.com.tr\/en\/wp-json\/wp\/v2\/pages\/6239\/revisions\/6494"}],"wp:attachment":[{"href":"https:\/\/innogy.com.tr\/en\/wp-json\/wp\/v2\/media?parent=6239"}],"curies":[{"name":"wp","href":"https:\/\/api.w.org\/{rel}","templated":true}]}}